{"id":162,"date":"2025-05-18T18:30:54","date_gmt":"2025-05-18T15:30:54","guid":{"rendered":"https:\/\/www.canorama.fi\/projects\/"},"modified":"2025-05-29T14:26:20","modified_gmt":"2025-05-29T11:26:20","slug":"rekisteriseloste","status":"publish","type":"page","link":"https:\/\/www.canorama.fi\/sv\/rekisteriseloste\/","title":{"rendered":"Registerutl\u00e5tande"},"content":{"rendered":"<div data-elementor-type=\"wp-page\" data-elementor-id=\"162\" class=\"elementor elementor-162\">\n\t\t\t\t<div class=\"elementor-element elementor-element-c8774e0 e-flex e-con-boxed e-con e-parent\" data-id=\"c8774e0\" data-element_type=\"container\" data-e-type=\"container\" data-settings=\"{&quot;background_background&quot;:&quot;classic&quot;}\">\n\t\t\t\t\t<div class=\"e-con-inner\">\n\t\t<div class=\"elementor-element elementor-element-bfeedca e-con-full e-flex e-con e-child\" data-id=\"bfeedca\" data-element_type=\"container\" data-e-type=\"container\">\n\t\t\t\t<div class=\"elementor-element elementor-element-6a1cda3 elementor-widget elementor-widget-heading\" data-id=\"6a1cda3\" data-element_type=\"widget\" data-e-type=\"widget\" data-widget_type=\"heading.default\">\n\t\t\t\t<div class=\"elementor-widget-container\">\n\t\t\t\t\t<h1 class=\"elementor-heading-title elementor-size-default\">Registerutl\u00e5tande<\/h1>\t\t\t\t<\/div>\n\t\t\t\t<\/div>\n\t\t\t\t<div class=\"elementor-element elementor-element-f3110c4 elementor-widget elementor-widget-text-editor\" data-id=\"f3110c4\" data-element_type=\"widget\" data-e-type=\"widget\" data-widget_type=\"text-editor.default\">\n\t\t\t\t<div class=\"elementor-widget-container\">\n\t\t\t\t\t\t\t\t\t<p>Tietosuojan mukainen rekisteriseloste<\/p>\t\t\t\t\t\t\t\t<\/div>\n\t\t\t\t<\/div>\n\t\t\t\t<\/div>\n\t\t\t\t\t<\/div>\n\t\t\t\t<\/div>\n\t\t<div class=\"elementor-element elementor-element-21fa76a e-flex e-con-boxed e-con e-parent\" data-id=\"21fa76a\" data-element_type=\"container\" data-e-type=\"container\" data-settings=\"{&quot;background_background&quot;:&quot;gradient&quot;}\">\n\t\t\t\t\t<div class=\"e-con-inner\">\n\t\t<div class=\"elementor-element elementor-element-ac14de1 e-con-full e-flex e-con e-child\" data-id=\"ac14de1\" data-element_type=\"container\" data-e-type=\"container\">\n\t\t\t\t<div class=\"elementor-element elementor-element-cf6730c elementor-widget elementor-widget-text-editor\" data-id=\"cf6730c\" data-element_type=\"widget\" data-e-type=\"widget\" data-widget_type=\"text-editor.default\">\n\t\t\t\t<div class=\"elementor-widget-container\">\n\t\t\t\t\t\t\t\t\t<p><strong>REKISTERISELOSTE<\/strong><\/p><p><span style=\"font-weight: 400;\">Henkil\u00f6tietolain ja EU:n yleisen tietosuoja-asetuksenmukainen rekisteriseloste.<\/span><\/p><p>\u00a0<\/p><p><strong><span style=\"font-size: 16px;\">1. Rekisterinpit\u00e4j\u00e4<\/span><\/strong><\/p><p><span style=\"font-weight: 400;\">Canorama Oy<\/span><\/p><p><span style=\"font-weight: 400;\">Y-tunnus: 3466218-4<\/span><\/p><p><span style=\"font-weight: 400;\">Osoite: H\u00f6yl\u00e4\u00e4m\u00f6nkatu 3, 67100 Kokkola<\/span><\/p><p><span style=\"font-weight: 400;\">Puhelin: 020 768 1200<\/span><\/p><p><span style=\"font-weight: 400;\">S\u00e4hk\u00f6posti: tietosuoja@canorama.fi<\/span><\/p><p>\u00a0<\/p><p><strong><span style=\"font-size: 16px;\">2. Rekisterist\u00e4 vastaava yhteyshenkil\u00f6<\/span><\/strong><\/p><p><span style=\"font-weight: 400;\">Nimi: Tapio Minkkinen<\/span><\/p><p><span style=\"font-weight: 400;\">Puhelin: 044 276 7911<\/span><\/p><p><span style=\"font-weight: 400;\">S\u00e4hk\u00f6posti: tapio.minkkinen@canorama.fi<\/span><\/p><p>\u00a0<\/p><p><strong><span style=\"font-size: 16px;\">3. Rekisterin nimi<\/span><\/strong><\/p><p><span style=\"font-weight: 400;\">Asiakasrekisteri<\/span><\/p><p>\u00a0<\/p><p><strong>4. Henkil\u00f6tietojen k\u00e4sittelyn tarkoitus ja oikeusperuste<\/strong><\/p><p><span style=\"font-weight: 400;\">Henkil\u00f6tietoja k\u00e4sitell\u00e4\u00e4n asiakassuhteiden hoitamiseen, hallintaan ja kehitt\u00e4miseen, palveluiden tuottamiseen ja toimittamiseen sek\u00e4 asiakasviestint\u00e4\u00e4n.<\/span><\/p><p><span style=\"font-weight: 400;\">K\u00e4sittelyperusteet:<\/span><\/p><ul><li style=\"font-weight: 400;\" aria-level=\"1\"><span style=\"font-weight: 400;\">Sopimuksen t\u00e4yt\u00e4nt\u00f6\u00f6npano<\/span><\/li><li style=\"font-weight: 400;\" aria-level=\"1\"><span style=\"font-weight: 400;\">Lakis\u00e4\u00e4teinen velvoite<\/span><\/li><li style=\"font-weight: 400;\" aria-level=\"1\"><span style=\"font-weight: 400;\">Rekisterinpit\u00e4j\u00e4n oikeutettu etu<\/span><\/li><\/ul><p>\u00a0<\/p><p><strong>5. Rekisterin tietosis\u00e4lt\u00f6<\/strong><\/p><p><span style=\"font-weight: 400;\">Rekisteriss\u00e4 voidaan k\u00e4sitell\u00e4 seuraavia tietoja:<\/span><\/p><ul><li style=\"font-weight: 400;\" aria-level=\"1\"><span style=\"font-weight: 400;\">Namn<\/span><\/li><li style=\"font-weight: 400;\" aria-level=\"1\"><span style=\"font-weight: 400;\">Yhteystiedot (puhelinnumero, s\u00e4hk\u00f6postiosoite, osoite)<\/span><\/li><li style=\"font-weight: 400;\" aria-level=\"1\"><span style=\"font-weight: 400;\">Yritys ja asema<\/span><\/li><li style=\"font-weight: 400;\" aria-level=\"1\"><span style=\"font-weight: 400;\">Asiakassuhdetta koskevat tiedot (esim. tilaushistoria, asiakasviestint\u00e4)<\/span><\/li><li style=\"font-weight: 400;\" aria-level=\"1\"><span style=\"font-weight: 400;\">Faktureringsuppgifter<\/span><\/li><li style=\"font-weight: 400;\" aria-level=\"1\"><span style=\"font-weight: 400;\">Muut asiakkaan itsens\u00e4 antamat tiedot<\/span><\/li><\/ul><p>\u00a0<\/p><p><strong><span style=\"font-size: 16px;\">6. S\u00e4\u00e4nn\u00f6nmukaiset tietol\u00e4hteet<\/span><\/strong><\/p><p><span style=\"font-weight: 400;\">Tiedot saadaan p\u00e4\u00e4s\u00e4\u00e4nt\u00f6isesti rekister\u00f6idylt\u00e4 itselt\u00e4\u00e4n asiakassuhteen alussa ja sen aikana.<\/span><\/p><p>\u00a0<\/p><p><strong>7. Tietojen s\u00e4\u00e4nn\u00f6nmukaiset luovutukset ja tietojen siirto EU:n tai ETA:n ulkopuolelle<\/strong><\/p><p><span style=\"font-weight: 400;\">Tietoja ei luovuteta kolmansille osapuolille ilman lainmukaista perustetta. Tietoja ei siirret\u00e4 EU:n tai ETA:n ulkopuolelle ilman asianmukaisia suojatoimia.<\/span><\/p><p>\u00a0<\/p><p><strong>8. Tietojen s\u00e4ilytysaika<\/strong><\/p><p><span style=\"font-weight: 400;\">Henkil\u00f6tietoja s\u00e4ilytet\u00e4\u00e4n vain niin kauan kuin on tarpeen k\u00e4sittelyn tarkoitusten toteuttamiseksi tai lakis\u00e4\u00e4teisten velvoitteiden noudattamiseksi.<\/span><\/p><p>\u00a0<\/p><p><strong><span style=\"font-size: 16px;\">9. Rekister\u00f6idyn oikeudet<\/span><\/strong><\/p><p><span style=\"font-weight: 400;\">Rekister\u00f6idyll\u00e4 on seuraavat oikeudet:<\/span><\/p><ul><li style=\"font-weight: 400;\" aria-level=\"1\"><span style=\"font-weight: 400;\">Oikeus saada p\u00e4\u00e4sy omiin tietoihinsa<\/span><\/li><li style=\"font-weight: 400;\" aria-level=\"1\"><span style=\"font-weight: 400;\">Oikeus tietojen oikaisemiseen<\/span><\/li><li style=\"font-weight: 400;\" aria-level=\"1\"><span style=\"font-weight: 400;\">Oikeus tietojen poistamiseen (\u201doikeus tulla unohdetuksi\u201d)<\/span><\/li><li style=\"font-weight: 400;\" aria-level=\"1\"><span style=\"font-weight: 400;\">Oikeus k\u00e4sittelyn rajoittamiseen<\/span><\/li><li style=\"font-weight: 400;\" aria-level=\"1\"><span style=\"font-weight: 400;\">Oikeus vastustaa k\u00e4sittely\u00e4<\/span><\/li><li style=\"font-weight: 400;\" aria-level=\"1\"><span style=\"font-weight: 400;\">Oikeus siirt\u00e4\u00e4 tiedot j\u00e4rjestelm\u00e4st\u00e4 toiseen<\/span><\/li><li style=\"font-weight: 400;\" aria-level=\"1\"><span style=\"font-weight: 400;\">Oikeus tehd\u00e4 valitus valvontaviranomaiselle (Tietosuojavaltuutettu)<\/span><\/li><\/ul><p>\u00a0<\/p><p><strong>10. Rekisterin suojaus<\/strong><\/p><p><span style=\"font-weight: 400;\">Henkil\u00f6tiedot s\u00e4ilytet\u00e4\u00e4n s\u00e4hk\u00f6isesti suojatuissa j\u00e4rjestelmiss\u00e4, joihin on rajattu k\u00e4ytt\u00f6oikeus.\u00a0<\/span><\/p>\t\t\t\t\t\t\t\t<\/div>\n\t\t\t\t<\/div>\n\t\t\t\t<\/div>\n\t\t\t\t\t<\/div>\n\t\t\t\t<\/div>\n\t\t\t\t<\/div>","protected":false},"excerpt":{"rendered":"<p>Rekisteriseloste Tietosuojan mukainen rekisteriseloste REKISTERISELOSTE Henkil\u00f6tietolain ja EU:n yleisen tietosuoja-asetuksenmukainen rekisteriseloste. \u00a0 1. Rekisterinpit\u00e4j\u00e4 Canorama Oy Y-tunnus: 3466218-4 Osoite: H\u00f6yl\u00e4\u00e4m\u00f6nkatu 3, 67100 Kokkola Puhelin: 020 768 1200 S\u00e4hk\u00f6posti: tietosuoja@canorama.fi \u00a0 2. Rekisterist\u00e4 vastaava yhteyshenkil\u00f6 Nimi: Tapio Minkkinen Puhelin: 044 276 7911 S\u00e4hk\u00f6posti: tapio.minkkinen@canorama.fi \u00a0 3. Rekisterin nimi Asiakasrekisteri \u00a0 4. Henkil\u00f6tietojen k\u00e4sittelyn tarkoitus ja oikeusperuste [&hellip;]<\/p>\n","protected":false},"author":1,"featured_media":1340,"parent":0,"menu_order":0,"comment_status":"closed","ping_status":"closed","template":"","meta":{"site-sidebar-layout":"no-sidebar","site-content-layout":"page-builder","ast-site-content-layout":"full-width-container","site-content-style":"unboxed","site-sidebar-style":"unboxed","ast-global-header-display":"","ast-banner-title-visibility":"","ast-main-header-display":"","ast-hfb-above-header-display":"","ast-hfb-below-header-display":"","ast-hfb-mobile-header-display":"","site-post-title":"disabled","ast-breadcrumbs-content":"","ast-featured-img":"disabled","footer-sml-layout":"","ast-disable-related-posts":"","theme-transparent-header-meta":"enabled","adv-header-id-meta":"","stick-header-meta":"","header-above-stick-meta":"","header-main-stick-meta":"","header-below-stick-meta":"","astra-migrate-meta-layouts":"set","ast-page-background-enabled":"default","ast-page-background-meta":{"desktop":{"background-color":"","background-image":"","background-repeat":"repeat","background-position":"center center","background-size":"auto","background-attachment":"scroll","background-type":"","background-media":"","overlay-type":"","overlay-color":"","overlay-opacity":"","overlay-gradient":""},"tablet":{"background-color":"","background-image":"","background-repeat":"repeat","background-position":"center center","background-size":"auto","background-attachment":"scroll","background-type":"","background-media":"","overlay-type":"","overlay-color":"","overlay-opacity":"","overlay-gradient":""},"mobile":{"background-color":"","background-image":"","background-repeat":"repeat","background-position":"center center","background-size":"auto","background-attachment":"scroll","background-type":"","background-media":"","overlay-type":"","overlay-color":"","overlay-opacity":"","overlay-gradient":""}},"ast-content-background-meta":{"desktop":{"background-color":"var(--ast-global-color-5)","background-image":"","background-repeat":"repeat","background-position":"center center","background-size":"auto","background-attachment":"scroll","background-type":"","background-media":"","overlay-type":"","overlay-color":"","overlay-opacity":"","overlay-gradient":""},"tablet":{"background-color":"var(--ast-global-color-5)","background-image":"","background-repeat":"repeat","background-position":"center center","background-size":"auto","background-attachment":"scroll","background-type":"","background-media":"","overlay-type":"","overlay-color":"","overlay-opacity":"","overlay-gradient":""},"mobile":{"background-color":"var(--ast-global-color-5)","background-image":"","background-repeat":"repeat","background-position":"center center","background-size":"auto","background-attachment":"scroll","background-type":"","background-media":"","overlay-type":"","overlay-color":"","overlay-opacity":"","overlay-gradient":""}},"footnotes":""},"class_list":["post-162","page","type-page","status-publish","has-post-thumbnail","hentry"],"aioseo_notices":[],"jetpack_sharing_enabled":true,"_links":{"self":[{"href":"https:\/\/www.canorama.fi\/sv\/wp-json\/wp\/v2\/pages\/162","targetHints":{"allow":["GET"]}}],"collection":[{"href":"https:\/\/www.canorama.fi\/sv\/wp-json\/wp\/v2\/pages"}],"about":[{"href":"https:\/\/www.canorama.fi\/sv\/wp-json\/wp\/v2\/types\/page"}],"author":[{"embeddable":true,"href":"https:\/\/www.canorama.fi\/sv\/wp-json\/wp\/v2\/users\/1"}],"replies":[{"embeddable":true,"href":"https:\/\/www.canorama.fi\/sv\/wp-json\/wp\/v2\/comments?post=162"}],"version-history":[{"count":25,"href":"https:\/\/www.canorama.fi\/sv\/wp-json\/wp\/v2\/pages\/162\/revisions"}],"predecessor-version":[{"id":2155,"href":"https:\/\/www.canorama.fi\/sv\/wp-json\/wp\/v2\/pages\/162\/revisions\/2155"}],"wp:featuredmedia":[{"embeddable":true,"href":"https:\/\/www.canorama.fi\/sv\/wp-json\/wp\/v2\/media\/1340"}],"wp:attachment":[{"href":"https:\/\/www.canorama.fi\/sv\/wp-json\/wp\/v2\/media?parent=162"}],"curies":[{"name":"wp","href":"https:\/\/api.w.org\/{rel}","templated":true}]}}