{"id":2194,"date":"2025-05-29T17:08:07","date_gmt":"2025-05-29T14:08:07","guid":{"rendered":"https:\/\/www.canorama.fi\/?page_id=2194"},"modified":"2025-05-30T08:19:15","modified_gmt":"2025-05-30T05:19:15","slug":"mittarilukemat","status":"publish","type":"page","link":"https:\/\/www.canorama.fi\/sv\/mittarilukemat\/","title":{"rendered":"Avl\u00e4sningar"},"content":{"rendered":"\t\t<div data-elementor-type=\"wp-post\" data-elementor-id=\"2194\" class=\"elementor elementor-2194\">\n\t\t\t\t<div class=\"elementor-element elementor-element-dd4da83 e-flex e-con-boxed e-con e-parent\" data-id=\"dd4da83\" data-element_type=\"container\" data-e-type=\"container\" data-settings=\"{&quot;background_background&quot;:&quot;classic&quot;}\">\n\t\t\t\t\t<div class=\"e-con-inner\">\n\t\t<div class=\"elementor-element elementor-element-f22e14b e-con-full e-flex e-con e-child\" data-id=\"f22e14b\" data-element_type=\"container\" data-e-type=\"container\">\n\t\t\t\t<div class=\"elementor-element elementor-element-8136e35 elementor-widget elementor-widget-heading\" data-id=\"8136e35\" data-element_type=\"widget\" data-e-type=\"widget\" data-widget_type=\"heading.default\">\n\t\t\t\t<div class=\"elementor-widget-container\">\n\t\t\t\t\t<h1 class=\"elementor-heading-title elementor-size-default\">Mittarilukemat<\/h1>\t\t\t\t<\/div>\n\t\t\t\t<\/div>\n\t\t\t\t<\/div>\n\t\t\t\t\t<\/div>\n\t\t\t\t<\/div>\n\t\t<div class=\"elementor-element elementor-element-c13f215 e-flex e-con-boxed e-con e-parent\" data-id=\"c13f215\" data-element_type=\"container\" data-e-type=\"container\">\n\t\t\t\t\t<div class=\"e-con-inner\">\n\t\t<div class=\"elementor-element elementor-element-53f70da e-con-full e-flex e-con e-child\" data-id=\"53f70da\" data-element_type=\"container\" data-e-type=\"container\">\n\t\t\t\t<div class=\"elementor-element elementor-element-77e0036 elementor-widget elementor-widget-heading\" data-id=\"77e0036\" data-element_type=\"widget\" data-e-type=\"widget\" data-widget_type=\"heading.default\">\n\t\t\t\t<div class=\"elementor-widget-container\">\n\t\t\t\t\t<h3 class=\"elementor-heading-title elementor-size-default\">J\u00e4t\u00e4 mittarilukemat<\/h3>\t\t\t\t<\/div>\n\t\t\t\t<\/div>\n\t\t\t\t<div class=\"elementor-element elementor-element-1e97299 elementor-widget elementor-widget-wpforms\" data-id=\"1e97299\" data-element_type=\"widget\" data-e-type=\"widget\" data-widget_type=\"wpforms.default\">\n\t\t\t\t<div class=\"elementor-widget-container\">\n\t\t\t\t\t<div class=\"wpforms-container \" id=\"wpforms-1272\"><form id=\"wpforms-form-1272\" class=\"wpforms-validate wpforms-form\" data-formid=\"1272\" method=\"post\" enctype=\"multipart\/form-data\" action=\"\/sv\/wp-json\/wp\/v2\/pages\/2194\" data-token=\"2b3089a56b4ebb332a89a766a57908f8\" data-token-time=\"1777515285\"><noscript class=\"wpforms-error-noscript\">Aktivera JavaScript i din webbl\u00e4sare f\u00f6r att fylla i formul\u00e4ret.<\/noscript><div class=\"wpforms-field-container\"><div id=\"wpforms-1272-field_13-container\" class=\"wpforms-field wpforms-field-name\" data-field-id=\"13\"><label class=\"wpforms-field-label\" for=\"wpforms-1272-field_13\">Yritys <span class=\"wpforms-required-label\">*<\/span><\/label><input type=\"text\" id=\"wpforms-1272-field_13\" class=\"wpforms-field-large wpforms-field-required\" name=\"wpforms[fields][13]\" required><\/div><div id=\"wpforms-1272-field_0-container\" class=\"wpforms-field wpforms-field-name\" data-field-id=\"0\"><label class=\"wpforms-field-label\" for=\"wpforms-1272-field_0\">Ilmoituksen j\u00e4tt\u00e4j\u00e4n nimi <span class=\"wpforms-required-label\">*<\/span><\/label><input type=\"text\" id=\"wpforms-1272-field_0\" class=\"wpforms-field-large wpforms-field-required\" name=\"wpforms[fields][0]\" required><\/div><div id=\"wpforms-1272-field_1-container\" class=\"wpforms-field wpforms-field-email\" data-field-id=\"1\"><label class=\"wpforms-field-label\" for=\"wpforms-1272-field_1\">S\u00e4hk\u00f6postiosoite <span class=\"wpforms-required-label\">*<\/span><\/label><input type=\"email\" id=\"wpforms-1272-field_1\" class=\"wpforms-field-large wpforms-field-required\" name=\"wpforms[fields][1]\" spellcheck=\"false\" required><\/div><div id=\"wpforms-1272-field_15-container\" class=\"wpforms-field wpforms-field-name\" data-field-id=\"15\"><label class=\"wpforms-field-label\" for=\"wpforms-1272-field_15\">Koneen sarjanumero (8-10 merkki\u00e4) <span class=\"wpforms-required-label\">*<\/span><\/label><input type=\"text\" id=\"wpforms-1272-field_15\" class=\"wpforms-field-large wpforms-field-required\" name=\"wpforms[fields][15]\" required><\/div><div id=\"wpforms-1272-field_17-container\" class=\"wpforms-field wpforms-field-name\" data-field-id=\"17\"><label class=\"wpforms-field-label\" for=\"wpforms-1272-field_17\">Lukemienottop\u00e4iv\u00e4<\/label><input type=\"text\" id=\"wpforms-1272-field_17\" class=\"wpforms-field-large\" name=\"wpforms[fields][17]\" placeholder=\"esim. 20.4.2025\" ><\/div><div id=\"wpforms-1272-field_19-container\" class=\"wpforms-field wpforms-field-number\" data-field-id=\"19\"><label class=\"wpforms-field-label\" for=\"wpforms-1272-field_19\">Lukemat - A3 mustavalko \/ 112<\/label><input type=\"number\" id=\"wpforms-1272-field_19\" class=\"wpforms-field-medium\" name=\"wpforms[fields][19]\" step=\"any\" ><\/div><div id=\"wpforms-1272-field_20-container\" class=\"wpforms-field wpforms-field-number\" data-field-id=\"20\"><label class=\"wpforms-field-label\" for=\"wpforms-1272-field_20\">Lukemat - A4 mustavalko \/ 113<\/label><input type=\"number\" id=\"wpforms-1272-field_20\" class=\"wpforms-field-medium\" name=\"wpforms[fields][20]\" step=\"any\" ><\/div><div id=\"wpforms-1272-field_21-container\" class=\"wpforms-field wpforms-field-number\" data-field-id=\"21\"><label class=\"wpforms-field-label\" for=\"wpforms-1272-field_21\">Lukemat - A3 v\u00e4ri \/ 122<\/label><input type=\"number\" id=\"wpforms-1272-field_21\" class=\"wpforms-field-medium\" name=\"wpforms[fields][21]\" step=\"any\" ><\/div><div id=\"wpforms-1272-field_22-container\" class=\"wpforms-field wpforms-field-number\" data-field-id=\"22\"><label class=\"wpforms-field-label\" for=\"wpforms-1272-field_22\">Lukemat - A4 v\u00e4ri \/ 123<\/label><input type=\"number\" id=\"wpforms-1272-field_22\" class=\"wpforms-field-medium\" name=\"wpforms[fields][22]\" step=\"any\" ><\/div><div id=\"wpforms-1272-field_23-container\" class=\"wpforms-field wpforms-field-number\" data-field-id=\"23\"><label class=\"wpforms-field-label\" for=\"wpforms-1272-field_23\">Lukemat - Kokonaislukema \/ 101<\/label><input type=\"number\" id=\"wpforms-1272-field_23\" class=\"wpforms-field-medium\" name=\"wpforms[fields][23]\" step=\"any\" ><div class=\"wpforms-field-description\">Anna kokonaislukema (101), jos laitteessasi on vain yksi laskuri, k\u00e4yt\u00e4 t\u00e4t\u00e4 kentt\u00e4\u00e4.\n<\/div><\/div><\/div><!-- .wpforms-field-container --><div class=\"wpforms-field wpforms-field-hp\"><label for=\"wpforms-1272-field-hp\" class=\"wpforms-field-label\">Name<\/label><input type=\"text\" name=\"wpforms[hp]\" id=\"wpforms-1272-field-hp\" class=\"wpforms-field-medium\"><\/div><div class=\"wpforms-submit-container\" ><input type=\"hidden\" name=\"wpforms[id]\" value=\"1272\"><input type=\"hidden\" name=\"page_title\" value=\"\"><input type=\"hidden\" name=\"page_url\" value=\"https:\/\/www.canorama.fi\/sv\/wp-json\/wp\/v2\/pages\/2194\"><input type=\"hidden\" name=\"url_referer\" value=\"\"><button type=\"submit\" name=\"wpforms[submit]\" id=\"wpforms-submit-1272\" class=\"wpforms-submit\" data-alt-text=\"L\u00e4hett\u00e4\u00e4...\" data-submit-text=\"L\u00e4het\u00e4 lukemat\" aria-live=\"assertive\" value=\"wpforms-submit\">L\u00e4het\u00e4 lukemat<\/button><\/div><\/form><\/div>  <!-- .wpforms-container -->\t\t\t\t<\/div>\n\t\t\t\t<\/div>\n\t\t\t\t<\/div>\n\t\t\t\t\t<\/div>\n\t\t\t\t<\/div>\n\t\t\t\t<\/div>\n\t\t","protected":false},"excerpt":{"rendered":"<p>Mittarilukemat J\u00e4t\u00e4 mittarilukemat Please enable JavaScript in your browser to complete this form.Yritys *Ilmoituksen j\u00e4tt\u00e4j\u00e4n nimi *S\u00e4hk\u00f6postiosoite *Koneen sarjanumero (8-10 merkki\u00e4)Lukemienottop\u00e4iv\u00e4Lukemat &#8211; A3 mustavalko \/ 112Lukemat &#8211; A4 mustavalko \/ 113Lukemat &#8211; A3 v\u00e4ri \/ 122Lukemat &#8211; A4 v\u00e4ri \/ 123Lukemat &#8211; Kokonaislukema \/ 101Anna kokonaislukema (101), jos laitteessasi on vain yksi laskuri, k\u00e4yt\u00e4 t\u00e4t\u00e4 [&hellip;]<\/p>\n","protected":false},"author":1,"featured_media":0,"parent":0,"menu_order":0,"comment_status":"closed","ping_status":"closed","template":"","meta":{"site-sidebar-layout":"default","site-content-layout":"page-builder","ast-site-content-layout":"full-width-container","site-content-style":"unboxed","site-sidebar-style":"unboxed","ast-global-header-display":"","ast-banner-title-visibility":"","ast-main-header-display":"","ast-hfb-above-header-display":"","ast-hfb-below-header-display":"","ast-hfb-mobile-header-display":"","site-post-title":"disabled","ast-breadcrumbs-content":"","ast-featured-img":"disabled","footer-sml-layout":"","ast-disable-related-posts":"","theme-transparent-header-meta":"enabled","adv-header-id-meta":"","stick-header-meta":"","header-above-stick-meta":"","header-main-stick-meta":"","header-below-stick-meta":"","astra-migrate-meta-layouts":"set","ast-page-background-enabled":"default","ast-page-background-meta":{"desktop":{"background-color":"","background-image":"","background-repeat":"repeat","background-position":"center center","background-size":"auto","background-attachment":"scroll","background-type":"","background-media":"","overlay-type":"","overlay-color":"","overlay-opacity":"","overlay-gradient":""},"tablet":{"background-color":"","background-image":"","background-repeat":"repeat","background-position":"center center","background-size":"auto","background-attachment":"scroll","background-type":"","background-media":"","overlay-type":"","overlay-color":"","overlay-opacity":"","overlay-gradient":""},"mobile":{"background-color":"","background-image":"","background-repeat":"repeat","background-position":"center center","background-size":"auto","background-attachment":"scroll","background-type":"","background-media":"","overlay-type":"","overlay-color":"","overlay-opacity":"","overlay-gradient":""}},"ast-content-background-meta":{"desktop":{"background-color":"var(--ast-global-color-5)","background-image":"","background-repeat":"repeat","background-position":"center center","background-size":"auto","background-attachment":"scroll","background-type":"","background-media":"","overlay-type":"","overlay-color":"","overlay-opacity":"","overlay-gradient":""},"tablet":{"background-color":"var(--ast-global-color-5)","background-image":"","background-repeat":"repeat","background-position":"center center","background-size":"auto","background-attachment":"scroll","background-type":"","background-media":"","overlay-type":"","overlay-color":"","overlay-opacity":"","overlay-gradient":""},"mobile":{"background-color":"var(--ast-global-color-5)","background-image":"","background-repeat":"repeat","background-position":"center center","background-size":"auto","background-attachment":"scroll","background-type":"","background-media":"","overlay-type":"","overlay-color":"","overlay-opacity":"","overlay-gradient":""}},"footnotes":""},"class_list":["post-2194","page","type-page","status-publish","hentry"],"aioseo_notices":[],"jetpack_sharing_enabled":true,"_links":{"self":[{"href":"https:\/\/www.canorama.fi\/sv\/wp-json\/wp\/v2\/pages\/2194","targetHints":{"allow":["GET"]}}],"collection":[{"href":"https:\/\/www.canorama.fi\/sv\/wp-json\/wp\/v2\/pages"}],"about":[{"href":"https:\/\/www.canorama.fi\/sv\/wp-json\/wp\/v2\/types\/page"}],"author":[{"embeddable":true,"href":"https:\/\/www.canorama.fi\/sv\/wp-json\/wp\/v2\/users\/1"}],"replies":[{"embeddable":true,"href":"https:\/\/www.canorama.fi\/sv\/wp-json\/wp\/v2\/comments?post=2194"}],"version-history":[{"count":10,"href":"https:\/\/www.canorama.fi\/sv\/wp-json\/wp\/v2\/pages\/2194\/revisions"}],"predecessor-version":[{"id":2307,"href":"https:\/\/www.canorama.fi\/sv\/wp-json\/wp\/v2\/pages\/2194\/revisions\/2307"}],"wp:attachment":[{"href":"https:\/\/www.canorama.fi\/sv\/wp-json\/wp\/v2\/media?parent=2194"}],"curies":[{"name":"wp","href":"https:\/\/api.w.org\/{rel}","templated":true}]}}