{"id":2452,"date":"2025-05-30T13:23:03","date_gmt":"2025-05-30T10:23:03","guid":{"rendered":"https:\/\/www.canorama.fi\/?page_id=2452"},"modified":"2025-05-30T13:25:43","modified_gmt":"2025-05-30T10:25:43","slug":"laskutustiedot","status":"publish","type":"page","link":"https:\/\/www.canorama.fi\/sv\/laskutustiedot\/","title":{"rendered":"Faktureringsuppgifter"},"content":{"rendered":"<div data-elementor-type=\"wp-post\" data-elementor-id=\"2452\" class=\"elementor elementor-2452\">\n\t\t\t\t<div class=\"elementor-element elementor-element-dd4da83 e-flex e-con-boxed e-con e-parent\" data-id=\"dd4da83\" data-element_type=\"container\" data-e-type=\"container\" data-settings=\"{&quot;background_background&quot;:&quot;classic&quot;}\">\n\t\t\t\t\t<div class=\"e-con-inner\">\n\t\t<div class=\"elementor-element elementor-element-f22e14b e-con-full e-flex e-con e-child\" data-id=\"f22e14b\" data-element_type=\"container\" data-e-type=\"container\">\n\t\t\t\t<div class=\"elementor-element elementor-element-8136e35 elementor-widget elementor-widget-heading\" data-id=\"8136e35\" data-element_type=\"widget\" data-e-type=\"widget\" data-widget_type=\"heading.default\">\n\t\t\t\t<div class=\"elementor-widget-container\">\n\t\t\t\t\t<h1 class=\"elementor-heading-title elementor-size-default\">Faktureringsuppgifter<\/h1>\t\t\t\t<\/div>\n\t\t\t\t<\/div>\n\t\t\t\t<\/div>\n\t\t\t\t\t<\/div>\n\t\t\t\t<\/div>\n\t\t<div class=\"elementor-element elementor-element-a0a8d9c e-flex e-con-boxed e-con e-parent\" data-id=\"a0a8d9c\" data-element_type=\"container\" data-e-type=\"container\">\n\t\t\t\t\t<div class=\"e-con-inner\">\n\t\t<div class=\"elementor-element elementor-element-1b2894d e-con-full e-flex e-con e-child\" data-id=\"1b2894d\" data-element_type=\"container\" data-e-type=\"container\">\n\t\t\t\t<div class=\"elementor-element elementor-element-11fc85c elementor-widget elementor-widget-text-editor\" data-id=\"11fc85c\" data-element_type=\"widget\" data-e-type=\"widget\" data-widget_type=\"text-editor.default\">\n\t\t\t\t<div class=\"elementor-widget-container\">\n\t\t\t\t\t\t\t\t\t<p><span style=\"font-weight: 400;\">Vastaanotamme laskuja ensisijaisesti verkkolaskuina. T\u00e4m\u00e4 nopeuttaa, tehostaa ja v\u00e4hent\u00e4\u00e4 virheit\u00e4 ostolaskujen k\u00e4sittelyss\u00e4 sek\u00e4 tuo s\u00e4\u00e4st\u00f6j\u00e4.<\/span><\/p>\t\t\t\t\t\t\t\t<\/div>\n\t\t\t\t<\/div>\n\t\t\t\t<div class=\"elementor-element elementor-element-6cfc43f elementor-widget elementor-widget-heading\" data-id=\"6cfc43f\" data-element_type=\"widget\" data-e-type=\"widget\" data-widget_type=\"heading.default\">\n\t\t\t\t<div class=\"elementor-widget-container\">\n\t\t\t\t\t<h5 class=\"elementor-heading-title elementor-size-default\">Verkkolaskut<\/h5>\t\t\t\t<\/div>\n\t\t\t\t<\/div>\n\t\t\t\t<div class=\"elementor-element elementor-element-b5af5c9 elementor-widget elementor-widget-text-editor\" data-id=\"b5af5c9\" data-element_type=\"widget\" data-e-type=\"widget\" data-widget_type=\"text-editor.default\">\n\t\t\t\t<div class=\"elementor-widget-container\">\n\t\t\t\t\t\t\t\t\t<p><span style=\"font-weight: 400;\">K\u00e4ytt\u00e4k\u00e4\u00e4 seuraavia tietoja verkkolaskujen l\u00e4hett\u00e4miseen:<\/span><\/p><p><span style=\"font-weight: 500;\">Yrityksen nimi:<\/span> <b>Canorama Oy<\/b><\/p><p><span style=\"font-weight: 500;\">Y-tunnus:<\/span> <b>3466218-4<\/b><\/p><p><span style=\"font-weight: 500;\">Verkkolaskutusosoite: <\/span> <b>003734662184<\/b><\/p><p><span style=\"font-weight: 500;\">Verkkolaskuoperaattori: <\/span> <b>Ropo Suomi Oy<\/b><\/p><p><span style=\"font-weight: 500;\">V\u00e4litt\u00e4j\u00e4tunnus: <\/span> <b>003714377140<\/b><\/p><p><span style=\"font-weight: 400;\">Lis\u00e4\u00e4 tietoa verkkolaskujen l\u00e4hetyksest\u00e4 saatte oman verkkolaskuv\u00e4litt\u00e4j\u00e4nne asiakaspalvelusta. Verkkolaskujen l\u00e4hetys eri v\u00e4litt\u00e4jien v\u00e4lill\u00e4 on kuvattu Tieken Verkkolaskuosoitteistossa <\/span><a href=\"http:\/\/verkkolasku.tieke.fi\"><span style=\"font-weight: 400;\">http:\/\/verkkolasku.tieke.fi<\/span><\/a><span style=\"font-weight: 400;\">.<\/span><\/p>\t\t\t\t\t\t\t\t<\/div>\n\t\t\t\t<\/div>\n\t\t\t\t<div class=\"elementor-element elementor-element-af7dacf elementor-widget elementor-widget-heading\" data-id=\"af7dacf\" data-element_type=\"widget\" data-e-type=\"widget\" data-widget_type=\"heading.default\">\n\t\t\t\t<div class=\"elementor-widget-container\">\n\t\t\t\t\t<h5 class=\"elementor-heading-title elementor-size-default\">S\u00e4hk\u00f6postilaskut<\/h5>\t\t\t\t<\/div>\n\t\t\t\t<\/div>\n\t\t\t\t<div class=\"elementor-element elementor-element-04a0dfa elementor-widget elementor-widget-text-editor\" data-id=\"04a0dfa\" data-element_type=\"widget\" data-e-type=\"widget\" data-widget_type=\"text-editor.default\">\n\t\t\t\t<div class=\"elementor-widget-container\">\n\t\t\t\t\t\t\t\t\t<p><span style=\"font-weight: 500;\">Mik\u00e4li ette pysty l\u00e4hett\u00e4m\u00e4\u00e4n verkkolaskuja, pyyd\u00e4mme k\u00e4ytt\u00e4m\u00e4\u00e4n ostolaskujen s\u00e4hk\u00f6postiosoitetta<\/span><\/p><p><b>ostolaskut@canorama.fi<\/b><\/p><p><span style=\"font-weight: 500;\">Liitteen tulee olla PDF-muodossa. Yksi liite saa sis\u00e4lt\u00e4\u00e4 vain yhden laskun. Laskun kaikki sivut tulee sis\u00e4lty\u00e4 samaan tiedostoon. Laskussa tulee olla tilaajan nimi tai viite.<\/span><\/p><p><span style=\"font-weight: 500;\">Toivomme, ett\u00e4 ilmoitatte alla esitetylle yhteyshenkil\u00f6lle, kun olette l\u00e4hett\u00e4m\u00e4ss\u00e4 meille <\/span><span style=\"font-weight: 500;\">ensimm\u00e4ist\u00e4 verkkolaskua.<\/span><\/p><p><span style=\"font-weight: 500;\">\u00a0<\/span><\/p><p><span style=\"font-weight: 500;\">Tapio Huhanantti<\/span><\/p><p><span style=\"font-weight: 500;\">050 367 9332<\/span><\/p><p><span style=\"font-weight: 500;\">tapio.huhanantti@canorama.fi<\/span><\/p>\t\t\t\t\t\t\t\t<\/div>\n\t\t\t\t<\/div>\n\t\t\t\t<\/div>\n\t\t\t\t\t<\/div>\n\t\t\t\t<\/div>\n\t\t\t\t<\/div>","protected":false},"excerpt":{"rendered":"<p>Laskutustiedot Vastaanotamme laskuja ensisijaisesti verkkolaskuina. T\u00e4m\u00e4 nopeuttaa, tehostaa ja v\u00e4hent\u00e4\u00e4 virheit\u00e4 ostolaskujen k\u00e4sittelyss\u00e4 sek\u00e4 tuo s\u00e4\u00e4st\u00f6j\u00e4. Verkkolaskut K\u00e4ytt\u00e4k\u00e4\u00e4 seuraavia tietoja verkkolaskujen l\u00e4hett\u00e4miseen: Yrityksen nimi: Canorama Oy Y-tunnus: 3466218-4 Verkkolaskutusosoite: 003734662184 Verkkolaskuoperaattori: Ropo Suomi Oy V\u00e4litt\u00e4j\u00e4tunnus: 003714377140 Lis\u00e4\u00e4 tietoa verkkolaskujen l\u00e4hetyksest\u00e4 saatte oman verkkolaskuv\u00e4litt\u00e4j\u00e4nne asiakaspalvelusta. Verkkolaskujen l\u00e4hetys eri v\u00e4litt\u00e4jien v\u00e4lill\u00e4 on kuvattu Tieken Verkkolaskuosoitteistossa http:\/\/verkkolasku.tieke.fi. S\u00e4hk\u00f6postilaskut [&hellip;]<\/p>\n","protected":false},"author":1,"featured_media":0,"parent":0,"menu_order":0,"comment_status":"closed","ping_status":"closed","template":"","meta":{"site-sidebar-layout":"default","site-content-layout":"page-builder","ast-site-content-layout":"full-width-container","site-content-style":"unboxed","site-sidebar-style":"unboxed","ast-global-header-display":"","ast-banner-title-visibility":"","ast-main-header-display":"","ast-hfb-above-header-display":"","ast-hfb-below-header-display":"","ast-hfb-mobile-header-display":"","site-post-title":"disabled","ast-breadcrumbs-content":"","ast-featured-img":"disabled","footer-sml-layout":"","ast-disable-related-posts":"","theme-transparent-header-meta":"enabled","adv-header-id-meta":"","stick-header-meta":"","header-above-stick-meta":"","header-main-stick-meta":"","header-below-stick-meta":"","astra-migrate-meta-layouts":"set","ast-page-background-enabled":"default","ast-page-background-meta":{"desktop":{"background-color":"","background-image":"","background-repeat":"repeat","background-position":"center center","background-size":"auto","background-attachment":"scroll","background-type":"","background-media":"","overlay-type":"","overlay-color":"","overlay-opacity":"","overlay-gradient":""},"tablet":{"background-color":"","background-image":"","background-repeat":"repeat","background-position":"center center","background-size":"auto","background-attachment":"scroll","background-type":"","background-media":"","overlay-type":"","overlay-color":"","overlay-opacity":"","overlay-gradient":""},"mobile":{"background-color":"","background-image":"","background-repeat":"repeat","background-position":"center center","background-size":"auto","background-attachment":"scroll","background-type":"","background-media":"","overlay-type":"","overlay-color":"","overlay-opacity":"","overlay-gradient":""}},"ast-content-background-meta":{"desktop":{"background-color":"var(--ast-global-color-5)","background-image":"","background-repeat":"repeat","background-position":"center center","background-size":"auto","background-attachment":"scroll","background-type":"","background-media":"","overlay-type":"","overlay-color":"","overlay-opacity":"","overlay-gradient":""},"tablet":{"background-color":"var(--ast-global-color-5)","background-image":"","background-repeat":"repeat","background-position":"center center","background-size":"auto","background-attachment":"scroll","background-type":"","background-media":"","overlay-type":"","overlay-color":"","overlay-opacity":"","overlay-gradient":""},"mobile":{"background-color":"var(--ast-global-color-5)","background-image":"","background-repeat":"repeat","background-position":"center center","background-size":"auto","background-attachment":"scroll","background-type":"","background-media":"","overlay-type":"","overlay-color":"","overlay-opacity":"","overlay-gradient":""}},"footnotes":""},"class_list":["post-2452","page","type-page","status-publish","hentry"],"aioseo_notices":[],"jetpack_sharing_enabled":true,"_links":{"self":[{"href":"https:\/\/www.canorama.fi\/sv\/wp-json\/wp\/v2\/pages\/2452","targetHints":{"allow":["GET"]}}],"collection":[{"href":"https:\/\/www.canorama.fi\/sv\/wp-json\/wp\/v2\/pages"}],"about":[{"href":"https:\/\/www.canorama.fi\/sv\/wp-json\/wp\/v2\/types\/page"}],"author":[{"embeddable":true,"href":"https:\/\/www.canorama.fi\/sv\/wp-json\/wp\/v2\/users\/1"}],"replies":[{"embeddable":true,"href":"https:\/\/www.canorama.fi\/sv\/wp-json\/wp\/v2\/comments?post=2452"}],"version-history":[{"count":4,"href":"https:\/\/www.canorama.fi\/sv\/wp-json\/wp\/v2\/pages\/2452\/revisions"}],"predecessor-version":[{"id":2456,"href":"https:\/\/www.canorama.fi\/sv\/wp-json\/wp\/v2\/pages\/2452\/revisions\/2456"}],"wp:attachment":[{"href":"https:\/\/www.canorama.fi\/sv\/wp-json\/wp\/v2\/media?parent=2452"}],"curies":[{"name":"wp","href":"https:\/\/api.w.org\/{rel}","templated":true}]}}